{"id":247,"date":"2017-12-22T19:28:30","date_gmt":"2017-12-23T01:28:30","guid":{"rendered":"http:\/\/plasticoscoral.com\/?page_id=247"},"modified":"2017-12-26T20:55:05","modified_gmt":"2017-12-27T02:55:05","slug":"fundas","status":"publish","type":"page","link":"https:\/\/plasticoscoral.com\/index.php\/fundas\/","title":{"rendered":"Fundas"},"content":{"rendered":"[vc_row][vc_column width=\u00bb1\/4&#8243;][vc_column_text css=\u00bb.vc_custom_1513999320465{margin-bottom: 0px !important;}\u00bb]<span style=\"color: #099999; font-size: x-large;\">Categor\u00edas: <\/span>[\/vc_column_text][vc_wp_custommenu nav_menu=\u00bb4&#8243;][\/vc_column][vc_column width=\u00bb3\/4&#8243;][vc_column_text css=\u00bb.vc_custom_1514317689627{margin-bottom: 0px !important;}\u00bb]\n<h1><span style=\"color: #ff8201;\">Fundas<\/span><\/h1>\n[\/vc_column_text][vc_separator][vc_row_inner][vc_column_inner width=\u00bb1\/2&#8243;][mk_flipbox front_background_color=\u00bbrgba(35,153,153,0.8)\u00bb back_background_color=\u00bbrgba(35,153,153,0.8)\u00bb image=\u00bbhttps:\/\/plasticoscoral.com\/wp-content\/uploads\/2017\/12\/n_73_plasticos_coral_funda_potatraje_2.jpg\u00bb front_title=\u00bbPortatraje con ventana\u00bb front_title_color=\u00bb#f9f9f9&#8243; back_title=\u00bbPortatraje con ventana\u00bb back_title_color=\u00bb#f9f9f9&#8243; font_weight=\u00bb500&#8243; front_desc_size=\u00bb17&#8243; back_desc=\u00bb<b>Material: <\/b>Vinil con cierre.<\/p>\n<p><b>Tama\u00f1o: <\/b>Est\u00e1ndar 60&#215;90 y largo 60&#215;120 (cm).<\/p>\n<p><b>Modelos: <\/b>Acabado liso.<\/p>\n<p><b>Colores: <\/b>Negro, Azul y Gris.<\/p>\n<p>\u00bb back_desc_size=\u00bb15&#8243; back_desc_color=\u00bb#474747&#8243;][vc_separator color=\u00bbcustom\u00bb accent_color=\u00bbrgba(255,255,255,0.01)\u00bb][vc_separator color=\u00bbcustom\u00bb accent_color=\u00bbrgba(255,255,255,0.01)\u00bb][\/vc_column_inner][vc_column_inner width=\u00bb1\/2&#8243;][mk_flipbox front_background_color=\u00bbrgba(35,153,153,0.8)\u00bb back_background_color=\u00bbrgba(35,153,153,0.8)\u00bb image=\u00bbhttps:\/\/plasticoscoral.com\/wp-content\/uploads\/2017\/12\/n_74_plasticos_coral_funda_de_edredon_2.jpg\u00bb front_title=\u00bbFunda para Edred\u00f3n\u00bb front_title_color=\u00bb#f9f9f9&#8243; back_title=\u00bbFunda para Edred\u00f3n\u00bb back_title_color=\u00bb#f9f9f9&#8243; font_weight=\u00bb500&#8243; front_desc_size=\u00bb17&#8243; back_desc=\u00bb<b>Material: <\/b>Vinil tipo Cristal con cierre.<\/p>\n<p><b>Tama\u00f1o: <\/b>Individual 42x39x26, Matrimonial 47x39x26 y King Size 59x44x19 (AnchoxAltoxProfundidad &#8211; cm).<\/p>\n<p><b>Modelos: <\/b>Acabado liso.<\/p>\n<p><b>Colores: <\/b>Negro o Azul.<\/p>\n<p>\u00bb back_desc_size=\u00bb15&#8243; back_desc_color=\u00bb#474747&#8243;][vc_separator color=\u00bbcustom\u00bb accent_color=\u00bbrgba(255,255,255,0.01)\u00bb][vc_separator color=\u00bbcustom\u00bb accent_color=\u00bbrgba(255,255,255,0.01)\u00bb][\/vc_column_inner][\/vc_row_inner][vc_row_inner][vc_column_inner width=\u00bb1\/2&#8243;][mk_flipbox front_background_color=\u00bbrgba(35,153,153,0.8)\u00bb back_background_color=\u00bbrgba(35,153,153,0.8)\u00bb image=\u00bbhttps:\/\/plasticoscoral.com\/wp-content\/uploads\/2017\/12\/n_71_plasticos_coral_funda_de_colchon_1.jpg\u00bb front_title=\u00bbFunda de Colch\u00f3n\u00bb front_title_color=\u00bb#f9f9f9&#8243; back_title=\u00bbFunda de Colch\u00f3n\u00bb back_title_color=\u00bb#f9f9f9&#8243; font_weight=\u00bb500&#8243; front_desc_size=\u00bb17&#8243; back_desc=\u00bb<b>Material: <\/b>Vinil Satinado Cal.6.<\/p>\n<p><b>Tama\u00f1o: <\/b>Individual, Matrimonial y King size (tipo caj\u00f3n).<\/p>\n<p><b>Modelos: <\/b>Acabado liso.<\/p>\n<p><b>Colores: <\/b>Blanco.<\/p>\n<p>\u00bb back_desc_size=\u00bb15&#8243; back_desc_color=\u00bb#474747&#8243;][vc_separator color=\u00bbcustom\u00bb accent_color=\u00bbrgba(255,255,255,0.01)\u00bb][vc_separator color=\u00bbcustom\u00bb accent_color=\u00bbrgba(255,255,255,0.01)\u00bb][\/vc_column_inner][vc_column_inner width=\u00bb1\/2&#8243;][mk_flipbox front_background_color=\u00bbrgba(35,153,153,0.8)\u00bb back_background_color=\u00bbrgba(35,153,153,0.8)\u00bb image=\u00bbhttps:\/\/plasticoscoral.com\/wp-content\/uploads\/2017\/12\/n_72_plasticos_coral_funda_de_lavadora_1.jpg\u00bb front_title=\u00bbFunda de Lavadora\u00bb front_title_color=\u00bb#f9f9f9&#8243; back_title=\u00bbFunda de Lavadora\u00bb back_title_color=\u00bb#f9f9f9&#8243; font_weight=\u00bb500&#8243; front_desc_size=\u00bb17&#8243; back_desc=\u00bb<b>Material: <\/b>Vinil Afelpado \u00f3 Polietileno.<\/p>\n<p><b>Tama\u00f1o: <\/b>5-8kg, 9-14kg, 15-20kg; Lavadora autom\u00e1tica, Aeroburbujas, Secadora, Bosch, Centro de lavado, Redonda, Easy 2 tinas, Daewo 2 tinas, Across-LG, Samsung 2 tinas y Across Hoover.<\/p>\n<p><b>Modelos: <\/b>Estampados: Huellas, Patricia, Violeta, Botones, Estelar, Mascotita, Margaritas, Brasil, Canc\u00fan Multi, Country, Dawn Meadow, Escoc\u00e9s, Flower, Forest Cl\u00e1sico, Jard\u00edn, Kioto, Lino, Mediterraneo, Melow, Milan, Paris, Priscilla, Romance, Secret Garden, Segovia y Verona.<\/p>\n<p><b>Colores: <\/b>Dependen del modelo.<\/p>\n<p>\u00bb back_desc_size=\u00bb15&#8243; back_desc_color=\u00bb#474747&#8243;][vc_separator color=\u00bbcustom\u00bb accent_color=\u00bbrgba(255,255,255,0.01)\u00bb][\/vc_column_inner][\/vc_row_inner][\/vc_column][\/vc_row]\n","protected":false},"excerpt":{"rendered":"<p>[vc_row][vc_column width=\u00bb1\/4&#8243;][vc_column_text css=\u00bb.vc_custom_1513999320465{margin-bottom: 0px !important;}\u00bb]Categor\u00edas: [\/vc_column_text][vc_wp_custommenu nav_menu=\u00bb4&#8243;][\/vc_column][vc_column width=\u00bb3\/4&#8243;][vc_column_text css=\u00bb.vc_custom_1514317689627{margin-bottom: 0px !important;}\u00bb] Fundas [\/vc_column_text][vc_separator][vc_row_inner][vc_column_inner width=\u00bb1\/2&#8243;][mk_flipbox front_background_color=\u00bbrgba(35,153,153,0.8)\u00bb back_background_color=\u00bbrgba(35,153,153,0.8)\u00bb image=\u00bbhttps:\/\/plasticoscoral.com\/wp-content\/uploads\/2017\/12\/n_73_plasticos_coral_funda_potatraje_2.jpg\u00bb front_title=\u00bbPortatraje con ventana\u00bb front_title_color=\u00bb#f9f9f9&#8243; back_title=\u00bbPortatraje con ventana\u00bb back_title_color=\u00bb#f9f9f9&#8243; font_weight=\u00bb500&#8243; front_desc_size=\u00bb17&#8243; back_desc=\u00bbMaterial: Vinil con cierre. Tama\u00f1o: Est\u00e1ndar 60&#215;90 y largo 60&#215;120 (cm). Modelos: Acabado liso. Colores: Negro, Azul y Gris. \u00bb back_desc_size=\u00bb15&#8243; back_desc_color=\u00bb#474747&#8243;][vc_separator color=\u00bbcustom\u00bb accent_color=\u00bbrgba(255,255,255,0.01)\u00bb][vc_separator color=\u00bbcustom\u00bb accent_color=\u00bbrgba(255,255,255,0.01)\u00bb][\/vc_column_inner][vc_column_inner width=\u00bb1\/2&#8243;][mk_flipbox front_background_color=\u00bbrgba(35,153,153,0.8)\u00bb [&hellip;]<\/p>\n","protected":false},"author":1,"featured_media":0,"parent":0,"menu_order":0,"comment_status":"closed","ping_status":"closed","template":"","meta":{"om_disable_all_campaigns":false,"_monsterinsights_skip_tracking":false,"_monsterinsights_sitenote_active":false,"_monsterinsights_sitenote_note":"","_monsterinsights_sitenote_category":0,"footnotes":""},"class_list":["post-247","page","type-page","status-publish","hentry"],"_links":{"self":[{"href":"https:\/\/plasticoscoral.com\/index.php\/wp-json\/wp\/v2\/pages\/247","targetHints":{"allow":["GET"]}}],"collection":[{"href":"https:\/\/plasticoscoral.com\/index.php\/wp-json\/wp\/v2\/pages"}],"about":[{"href":"https:\/\/plasticoscoral.com\/index.php\/wp-json\/wp\/v2\/types\/page"}],"author":[{"embeddable":true,"href":"https:\/\/plasticoscoral.com\/index.php\/wp-json\/wp\/v2\/users\/1"}],"replies":[{"embeddable":true,"href":"https:\/\/plasticoscoral.com\/index.php\/wp-json\/wp\/v2\/comments?post=247"}],"version-history":[{"count":5,"href":"https:\/\/plasticoscoral.com\/index.php\/wp-json\/wp\/v2\/pages\/247\/revisions"}],"predecessor-version":[{"id":499,"href":"https:\/\/plasticoscoral.com\/index.php\/wp-json\/wp\/v2\/pages\/247\/revisions\/499"}],"wp:attachment":[{"href":"https:\/\/plasticoscoral.com\/index.php\/wp-json\/wp\/v2\/media?parent=247"}],"curies":[{"name":"wp","href":"https:\/\/api.w.org\/{rel}","templated":true}]}}