{"id":241,"date":"2017-12-22T12:48:51","date_gmt":"2017-12-22T18:48:51","guid":{"rendered":"http:\/\/plasticoscoral.com\/?page_id=241"},"modified":"2025-01-09T13:18:10","modified_gmt":"2025-01-09T19:18:10","slug":"manteles","status":"publish","type":"page","link":"https:\/\/plasticoscoral.com\/index.php\/manteles\/","title":{"rendered":"Manteles"},"content":{"rendered":"[vc_row][vc_column width=\u00bb1\/4&#8243;][vc_column_text css=\u00bb.vc_custom_1513999320465{margin-bottom: 0px !important;}\u00bb]<span style=\"color: #099999; font-size: x-large;\">Categor\u00edas: <\/span>[\/vc_column_text][vc_wp_custommenu nav_menu=\u00bb4&#8243;][\/vc_column][vc_column width=\u00bb3\/4&#8243;][vc_column_text css=\u00bb.vc_custom_1514339685243{margin-bottom: 0px !important;}\u00bb]\n<h1><span style=\"color: #ff8201;\">Manteles<\/span><\/h1>\n[\/vc_column_text][vc_separator][vc_row_inner][vc_column_inner width=\u00bb1\/2&#8243;][mk_flipbox front_background_color=\u00bbrgba(35,153,153,0.8)\u00bb back_background_color=\u00bbrgba(35,153,153,0.8)\u00bb image=\u00bbhttps:\/\/plasticoscoral.com\/wp-content\/uploads\/2017\/12\/48_plasticos_coral_mantel_individual_fomi_2.jpg\u00bb front_title=\u00bbMantel Individual Fomi\u00bb front_title_color=\u00bb#f9f9f9&#8243; back_title=\u00bbMantel Individual Fomi\u00bb back_title_color=\u00bb#f9f9f9&#8243; font_weight=\u00bb500&#8243; front_desc_size=\u00bb17&#8243; back_desc=\u00bb<b>Material: <\/b>Fomi.<\/p>\n<p><b>Tama\u00f1o: <\/b>45&#215;30 (cm).<\/p>\n<p><b>Modelos: <\/b>Estampados: Var\u00edan por temporada.<\/p>\n<p><b>Colores: <\/b>Dependen del modelo.<\/p>\n<p>\u00bb back_desc_size=\u00bb15&#8243; back_desc_color=\u00bb#474747&#8243;][vc_separator color=\u00bbcustom\u00bb accent_color=\u00bbrgba(255,255,255,0.01)\u00bb][vc_separator color=\u00bbcustom\u00bb accent_color=\u00bbrgba(255,255,255,0.01)\u00bb][\/vc_column_inner][vc_column_inner width=\u00bb1\/2&#8243;][mk_flipbox front_background_color=\u00bbrgba(35,153,153,0.8)\u00bb back_background_color=\u00bbrgba(35,153,153,0.8)\u00bb image=\u00bbhttps:\/\/plasticoscoral.com\/wp-content\/uploads\/2017\/12\/49_plasticos_coral_mantel_individual_mascota_1.jpg\u00bb front_title=\u00bbMantel Individual Mascota\u00bb front_title_color=\u00bb#f9f9f9&#8243; back_title=\u00bbMantel Individual Mascota\u00bb back_title_color=\u00bb#f9f9f9&#8243; font_weight=\u00bb500&#8243; front_desc_size=\u00bb17&#8243; back_desc=\u00bb<b>Material: <\/b>Tela Ahulada.<\/p>\n<p><b>Tama\u00f1o: <\/b>45&#215;30 (cm).<\/p>\n<p><b>Modelos: <\/b>Estampado: Mascota.<\/p>\n<p><b>Colores: <\/b>Naranja, Amarillo, Morado, Verde lim\u00f3n, Verde bandera, Azul cielo, Azul marino, Rojo y Rosa.<\/p>\n<p>\u00bb back_desc_size=\u00bb15&#8243; back_desc_color=\u00bb#474747&#8243;][vc_separator color=\u00bbcustom\u00bb accent_color=\u00bbrgba(255,255,255,0.01)\u00bb][vc_separator color=\u00bbcustom\u00bb accent_color=\u00bbrgba(255,255,255,0.01)\u00bb][\/vc_column_inner][\/vc_row_inner][vc_row_inner][vc_column_inner width=\u00bb1\/2&#8243;][mk_flipbox front_background_color=\u00bbrgba(35,153,153,0.8)\u00bb back_background_color=\u00bbrgba(35,153,153,0.8)\u00bb image=\u00bbhttps:\/\/plasticoscoral.com\/wp-content\/uploads\/2017\/12\/45_plasticos_coral_mantel_ahulado_5.jpg\u00bb front_title=\u00bbMantel Ahulado\u00bb front_title_color=\u00bb#f9f9f9&#8243; back_title=\u00bbMantel Ahulado\u00bb back_title_color=\u00bb#f9f9f9&#8243; font_weight=\u00bb500&#8243; front_desc_size=\u00bb17&#8243; back_desc=\u00bb<b>Material: <\/b>Tela Ahulada con fleco.<\/p>\n<p><b>Tama\u00f1o: <\/b>1.2&#215;2.0, 1.2&#215;2.5 y redondo de 1.8 di\u00e1metro (m); doble vista.<\/p>\n<p><b>Modelos: <\/b>Estampados: Floreados, Frutales, Encaje, Puntos, Mascota, Patrones, Cubiertos, Tenedores, Cocina y Figuras.<\/p>\n<p><b>Colores: <\/b>Dependen del modelo; Fleco en Blanco, Beige o Rojo.<\/p>\n<p>\u00bb back_desc_size=\u00bb15&#8243; back_desc_color=\u00bb#474747&#8243;][vc_separator color=\u00bbcustom\u00bb accent_color=\u00bbrgba(255,255,255,0.01)\u00bb][vc_separator color=\u00bbcustom\u00bb accent_color=\u00bbrgba(255,255,255,0.01)\u00bb][\/vc_column_inner][vc_column_inner width=\u00bb1\/2&#8243;][mk_flipbox front_background_color=\u00bbrgba(35,153,153,0.8)\u00bb back_background_color=\u00bbrgba(35,153,153,0.8)\u00bb image=\u00bbhttps:\/\/plasticoscoral.com\/wp-content\/uploads\/2017\/12\/47_plasticos_coral_mantel_cristal_5.jpg\u00bb front_title=\u00bbMantel Cristal\u00bb front_title_color=\u00bb#f9f9f9&#8243; back_title=\u00bbMantel Cristal\u00bb back_title_color=\u00bb#f9f9f9&#8243; font_weight=\u00bb500&#8243; front_desc_size=\u00bb17&#8243; back_desc=\u00bb<b>Material: <\/b>Vinil tipo Cristal Cal. 6.<\/p>\n<p><b>Tama\u00f1o: <\/b>1.4&#215;2.0, 1.4&#215;2.5 y redondo de 1.8 di\u00e1metro (m).<\/p>\n<p><b>Modelos: <\/b>Acabado liso transparente.<\/p>\n<p><b>Colores: <\/b>Fleco en Blanco, Beige o Rojo.<\/p>\n<p>\u00bb back_desc_size=\u00bb15&#8243; back_desc_color=\u00bb#474747&#8243;][vc_separator color=\u00bbcustom\u00bb accent_color=\u00bbrgba(255,255,255,0.01)\u00bb][vc_separator color=\u00bbcustom\u00bb accent_color=\u00bbrgba(255,255,255,0.01)\u00bb][\/vc_column_inner][\/vc_row_inner][vc_row_inner][vc_column_inner width=\u00bb1\/2&#8243;][mk_flipbox front_background_color=\u00bbrgba(35,153,153,0.8)\u00bb back_background_color=\u00bbrgba(35,153,153,0.8)\u00bb image=\u00bbhttps:\/\/plasticoscoral.com\/wp-content\/uploads\/2017\/12\/43_plasticos_coral_mantel_carpeta_2.jpg\u00bb front_title=\u00bbCarpeta en Rollo\u00bb front_title_color=\u00bb#f9f9f9&#8243; back_title=\u00bbCarpeta en Rollo\u00bb back_title_color=\u00bb#f9f9f9&#8243; font_weight=\u00bb500&#8243; front_desc_size=\u00bb17&#8243; back_desc=\u00bb<b>Material: <\/b>Vinil Grabado.<\/p>\n<p><b>Tama\u00f1o: <\/b>49cm x 20m, 1.4&#215;20 (m).<\/p>\n<p><b>Modelos: <\/b>Grabados: Floreados, Figuras y Encaje.<\/p>\n<p><b>Colores: <\/b>Plata y Oro (49cm); Azul, Verde, Beige y Rosa (1.4m).<\/p>\n<p>\u00bb back_desc_size=\u00bb15&#8243; back_desc_color=\u00bb#474747&#8243;][vc_separator color=\u00bbcustom\u00bb accent_color=\u00bbrgba(255,255,255,0.01)\u00bb][vc_separator color=\u00bbcustom\u00bb accent_color=\u00bbrgba(255,255,255,0.01)\u00bb][\/vc_column_inner][vc_column_inner width=\u00bb1\/2&#8243;][mk_flipbox front_background_color=\u00bbrgba(35,153,153,0.8)\u00bb back_background_color=\u00bbrgba(35,153,153,0.8)\u00bb image=\u00bbhttps:\/\/plasticoscoral.com\/wp-content\/uploads\/2017\/12\/44_plasticos_coral_mantel_afelpado_6.jpg\u00bb front_title=\u00bbMantel Afelpado\u00bb front_title_color=\u00bb#f9f9f9&#8243; back_title=\u00bbMantel Afelpado\u00bb back_title_color=\u00bb#f9f9f9&#8243; font_weight=\u00bb500&#8243; front_desc_size=\u00bb17&#8243; back_desc=\u00bb<b>Material: <\/b>Vinil Afelpado con fleco.<\/p>\n<p><b>Tama\u00f1o: <\/b>1.4&#215;1.4, 1.4&#215;2.0, 1.4&#215;2.5 y redondo de 1.8 di\u00e1metro (m).<\/p>\n<p><b>Modelos: <\/b>Estampados: Huellas, Patricia, Violeta, Botones, Estelar, Mascotita, Margaritas, Bon Apetit, Brasil, Caf\u00e9, Cafeteras, Canc\u00fan Multi, Country, Countryd, Dawn Meadow, Escoc\u00e9s, Flower, Forest Cl\u00e1sico, Jard\u00edn, Kioto, Lino, Mediterraneo, Melow, Milan, Paris, Priscilla, Romance, Secret Garden, Segovia y Verona.<\/p>\n<p><b>Colores: <\/b>Dependen del modelo; Fleco en Blanco, Beige o Rojo.<\/p>\n<p>\u00bb back_desc_size=\u00bb15&#8243; back_desc_color=\u00bb#474747&#8243;][vc_separator color=\u00bbcustom\u00bb accent_color=\u00bbrgba(255,255,255,0.01)\u00bb]\n[\/vc_column_inner][\/vc_row_inner][vc_row_inner][vc_column_inner width=\u00bb1\/2&#8243;][mk_flipbox front_background_color=\u00bbrgba(35,153,153,0.8)\u00bb back_background_color=\u00bbrgba(35,153,153,0.8)\u00bb image=\u00bbhttps:\/\/plasticoscoral.com\/wp-content\/uploads\/2025\/01\/n_105_plasticos_coral_carpeta_crochet_mantel_1.jpg\u00bb front_title=\u00bbCarpeta Crochet en Rollo\u00bb front_title_color=\u00bb#f9f9f9&#8243; back_title=\u00bbCarpeta Crochet en Rollo\u00bb back_title_color=\u00bb#f9f9f9&#8243; font_weight=\u00bb500&#8243; front_desc_size=\u00bb17&#8243; back_desc=\u00bb<b>Material: <\/b>Vinil Grabado.<\/p>\n<p><b>Tama\u00f1o: <\/b>1.40X20(m).<\/p>\n<p><b>Modelos: <\/b>Estampados: Var\u00edan por temporada.<\/p>\n<p><b>Colores: <\/b>Dependen del modelo.<\/p>\n<p>\u00bb back_desc_size=\u00bb15&#8243; back_desc_color=\u00bb#474747&#8243;][vc_separator color=\u00bbcustom\u00bb accent_color=\u00bbrgba(255,255,255,0.01)\u00bb][\/vc_column_inner][vc_column_inner width=\u00bb1\/2&#8243;][\/vc_column_inner][\/vc_row_inner][\/vc_column][\/vc_row]\n","protected":false},"excerpt":{"rendered":"<p>[vc_row][vc_column width=\u00bb1\/4&#8243;][vc_column_text css=\u00bb.vc_custom_1513999320465{margin-bottom: 0px !important;}\u00bb]Categor\u00edas: [\/vc_column_text][vc_wp_custommenu nav_menu=\u00bb4&#8243;][\/vc_column][vc_column width=\u00bb3\/4&#8243;][vc_column_text css=\u00bb.vc_custom_1514339685243{margin-bottom: 0px !important;}\u00bb] Manteles [\/vc_column_text][vc_separator][vc_row_inner][vc_column_inner width=\u00bb1\/2&#8243;][mk_flipbox front_background_color=\u00bbrgba(35,153,153,0.8)\u00bb back_background_color=\u00bbrgba(35,153,153,0.8)\u00bb image=\u00bbhttps:\/\/plasticoscoral.com\/wp-content\/uploads\/2017\/12\/48_plasticos_coral_mantel_individual_fomi_2.jpg\u00bb front_title=\u00bbMantel Individual Fomi\u00bb front_title_color=\u00bb#f9f9f9&#8243; back_title=\u00bbMantel Individual Fomi\u00bb back_title_color=\u00bb#f9f9f9&#8243; font_weight=\u00bb500&#8243; front_desc_size=\u00bb17&#8243; back_desc=\u00bbMaterial: Fomi. Tama\u00f1o: 45&#215;30 (cm). Modelos: Estampados: Var\u00edan por temporada. Colores: Dependen del modelo. \u00bb back_desc_size=\u00bb15&#8243; back_desc_color=\u00bb#474747&#8243;][vc_separator color=\u00bbcustom\u00bb accent_color=\u00bbrgba(255,255,255,0.01)\u00bb][vc_separator color=\u00bbcustom\u00bb accent_color=\u00bbrgba(255,255,255,0.01)\u00bb][\/vc_column_inner][vc_column_inner width=\u00bb1\/2&#8243;][mk_flipbox front_background_color=\u00bbrgba(35,153,153,0.8)\u00bb back_background_color=\u00bbrgba(35,153,153,0.8)\u00bb image=\u00bbhttps:\/\/plasticoscoral.com\/wp-content\/uploads\/2017\/12\/49_plasticos_coral_mantel_individual_mascota_1.jpg\u00bb front_title=\u00bbMantel Individual Mascota\u00bb [&hellip;]<\/p>\n","protected":false},"author":1,"featured_media":0,"parent":0,"menu_order":0,"comment_status":"closed","ping_status":"closed","template":"","meta":{"om_disable_all_campaigns":false,"_monsterinsights_skip_tracking":false,"_monsterinsights_sitenote_active":false,"_monsterinsights_sitenote_note":"","_monsterinsights_sitenote_category":0,"footnotes":""},"class_list":["post-241","page","type-page","status-publish","hentry"],"_links":{"self":[{"href":"https:\/\/plasticoscoral.com\/index.php\/wp-json\/wp\/v2\/pages\/241","targetHints":{"allow":["GET"]}}],"collection":[{"href":"https:\/\/plasticoscoral.com\/index.php\/wp-json\/wp\/v2\/pages"}],"about":[{"href":"https:\/\/plasticoscoral.com\/index.php\/wp-json\/wp\/v2\/types\/page"}],"author":[{"embeddable":true,"href":"https:\/\/plasticoscoral.com\/index.php\/wp-json\/wp\/v2\/users\/1"}],"replies":[{"embeddable":true,"href":"https:\/\/plasticoscoral.com\/index.php\/wp-json\/wp\/v2\/comments?post=241"}],"version-history":[{"count":12,"href":"https:\/\/plasticoscoral.com\/index.php\/wp-json\/wp\/v2\/pages\/241\/revisions"}],"predecessor-version":[{"id":810,"href":"https:\/\/plasticoscoral.com\/index.php\/wp-json\/wp\/v2\/pages\/241\/revisions\/810"}],"wp:attachment":[{"href":"https:\/\/plasticoscoral.com\/index.php\/wp-json\/wp\/v2\/media?parent=241"}],"curies":[{"name":"wp","href":"https:\/\/api.w.org\/{rel}","templated":true}]}}