{"id":232,"date":"2017-12-22T13:21:37","date_gmt":"2017-12-22T19:21:37","guid":{"rendered":"http:\/\/plasticoscoral.com\/?page_id=232"},"modified":"2017-12-29T13:47:21","modified_gmt":"2017-12-29T19:47:21","slug":"tela-ahulada","status":"publish","type":"page","link":"https:\/\/plasticoscoral.com\/index.php\/tela-ahulada\/","title":{"rendered":"Tela Ahulada"},"content":{"rendered":"[vc_row][vc_column width=\u00bb1\/4&#8243;][vc_column_text css=\u00bb.vc_custom_1513999320465{margin-bottom: 0px !important;}\u00bb]<span style=\"color: #099999; font-size: x-large;\">Categor\u00edas: <\/span>[\/vc_column_text][vc_wp_custommenu nav_menu=\u00bb4&#8243;][\/vc_column][vc_column width=\u00bb3\/4&#8243;][vc_column_text css=\u00bb.vc_custom_1514576610472{margin-bottom: 0px !important;}\u00bb]\n<h1><span style=\"color: #ff8201;\">Tela Ahulada<\/span><\/h1>\n[\/vc_column_text][vc_separator][vc_row_inner][vc_column_inner width=\u00bb1\/2&#8243;][mk_flipbox front_background_color=\u00bbrgba(35,153,153,0.8)\u00bb back_background_color=\u00bbrgba(35,153,153,0.8)\u00bb image=\u00bbhttps:\/\/plasticoscoral.com\/wp-content\/uploads\/2017\/12\/97_plasticos_coral_mantel_tela_ahulada_3.jpg\u00bb front_title=\u00bbTela Ahulada en Rollo (hule de mesa, mantel)\u00bb front_title_color=\u00bb#f9f9f9&#8243; back_title=\u00bbTela Ahulada en Rollo (hule de mesa, mantel, charomesa, charoplex, charopol)\u00bb back_title_size=\u00bb16&#8243; back_title_color=\u00bb#f9f9f9&#8243; font_weight=\u00bb500&#8243; front_desc_size=\u00bb17&#8243; back_desc=\u00bb<b>Material: <\/b>Vinil con soporte de algod\u00f3n o poliester.<\/p>\n<p><b>Tama\u00f1o: <\/b>1.2&#215;11 (m).<\/p>\n<p><b>Modelos: <\/b>Estampados: Primavera, Topacio, Manzanas, Cubiertos, Kiwi, Uvas, Jard\u00edn, Frutero, Violeta, Colosal, Durazno, Girasoles, Katia, Primor, Rayas, Maderas 1-10, Florero, Taza, Frutas, Cenefa, Liso, Frutas mascota, Gardenia, Floral, Margarita, Diana, Mascota grande, Botones, Rosario, Tulip\u00e1n, Escoc\u00e9s, Palmira, Infantil, Globos, Mascota, Lunares, Catalina, Manzanas, Acuarosa, Patricia, Alegr\u00eda, Aretillos, Alcatraz, Campirano, Floral, Rombos, Floresta, Macetas, Dulce flor, Canastas, Mariposas, Crisantemos, Cuadros y flores, Floreado, Rosedal, Capullo, Ed\u00e9n, Ramilletes, Orqu\u00eddeas, Ramitos, Mo\u00f1os, Fort\u00edn, Fantas\u00eda, Claveles, Tropical, Tehuana, Oaxaque\u00f1o, Acuarela, Sutil, Mosaicos, Sand\u00edas, Carretas, Fresas, Manzanitas, Pi\u00f1as, Frutitas, Limones, Carpetas, Granadas, Naranjas, Frutilandia, C\u00edtricos, Cerezas, Ca\u00f1as, Frutal, Cer\u00e1mica, Listones, Gourmet, Cafeteritas, Tenedores, Fiesta, Crayolas, Lambrin, Rayas, Nochebuena, Navide\u00f1o, Ositos, Coronas y Pi\u00f1atas..<\/p>\n<p><b>Colores: <\/b>Dependen del modelo.<\/p>\n<p>\u00bb back_desc_size=\u00bb15&#8243; back_desc_color=\u00bb#474747&#8243;][vc_separator color=\u00bbcustom\u00bb accent_color=\u00bbrgba(255,255,255,0.01)\u00bb][\/vc_column_inner][\/vc_row_inner][\/vc_column][\/vc_row]\n","protected":false},"excerpt":{"rendered":"<p>[vc_row][vc_column width=\u00bb1\/4&#8243;][vc_column_text css=\u00bb.vc_custom_1513999320465{margin-bottom: 0px !important;}\u00bb]Categor\u00edas: [\/vc_column_text][vc_wp_custommenu nav_menu=\u00bb4&#8243;][\/vc_column][vc_column width=\u00bb3\/4&#8243;][vc_column_text css=\u00bb.vc_custom_1514576610472{margin-bottom: 0px !important;}\u00bb] Tela Ahulada [\/vc_column_text][vc_separator][vc_row_inner][vc_column_inner width=\u00bb1\/2&#8243;][mk_flipbox front_background_color=\u00bbrgba(35,153,153,0.8)\u00bb back_background_color=\u00bbrgba(35,153,153,0.8)\u00bb image=\u00bbhttps:\/\/plasticoscoral.com\/wp-content\/uploads\/2017\/12\/97_plasticos_coral_mantel_tela_ahulada_3.jpg\u00bb front_title=\u00bbTela Ahulada en Rollo (hule de mesa, mantel)\u00bb front_title_color=\u00bb#f9f9f9&#8243; back_title=\u00bbTela Ahulada en Rollo (hule de mesa, mantel, charomesa, charoplex, charopol)\u00bb back_title_size=\u00bb16&#8243; back_title_color=\u00bb#f9f9f9&#8243; font_weight=\u00bb500&#8243; front_desc_size=\u00bb17&#8243; back_desc=\u00bbMaterial: Vinil con soporte de algod\u00f3n o poliester. Tama\u00f1o: 1.2&#215;11 (m). Modelos: Estampados: [&hellip;]<\/p>\n","protected":false},"author":1,"featured_media":0,"parent":0,"menu_order":0,"comment_status":"closed","ping_status":"closed","template":"","meta":{"om_disable_all_campaigns":false,"_monsterinsights_skip_tracking":false,"_monsterinsights_sitenote_active":false,"_monsterinsights_sitenote_note":"","_monsterinsights_sitenote_category":0,"footnotes":""},"class_list":["post-232","page","type-page","status-publish","hentry"],"_links":{"self":[{"href":"https:\/\/plasticoscoral.com\/index.php\/wp-json\/wp\/v2\/pages\/232","targetHints":{"allow":["GET"]}}],"collection":[{"href":"https:\/\/plasticoscoral.com\/index.php\/wp-json\/wp\/v2\/pages"}],"about":[{"href":"https:\/\/plasticoscoral.com\/index.php\/wp-json\/wp\/v2\/types\/page"}],"author":[{"embeddable":true,"href":"https:\/\/plasticoscoral.com\/index.php\/wp-json\/wp\/v2\/users\/1"}],"replies":[{"embeddable":true,"href":"https:\/\/plasticoscoral.com\/index.php\/wp-json\/wp\/v2\/comments?post=232"}],"version-history":[{"count":4,"href":"https:\/\/plasticoscoral.com\/index.php\/wp-json\/wp\/v2\/pages\/232\/revisions"}],"predecessor-version":[{"id":537,"href":"https:\/\/plasticoscoral.com\/index.php\/wp-json\/wp\/v2\/pages\/232\/revisions\/537"}],"wp:attachment":[{"href":"https:\/\/plasticoscoral.com\/index.php\/wp-json\/wp\/v2\/media?parent=232"}],"curies":[{"name":"wp","href":"https:\/\/api.w.org\/{rel}","templated":true}]}}