{"id":230,"date":"2017-12-22T12:45:49","date_gmt":"2017-12-22T18:45:49","guid":{"rendered":"http:\/\/plasticoscoral.com\/?page_id=230"},"modified":"2017-12-29T13:23:04","modified_gmt":"2017-12-29T19:23:04","slug":"plastico-waffle","status":"publish","type":"page","link":"https:\/\/plasticoscoral.com\/index.php\/plastico-waffle\/","title":{"rendered":"Pl\u00e1stico Waffle"},"content":{"rendered":"[vc_row][vc_column width=\u00bb1\/4&#8243;][vc_column_text css=\u00bb.vc_custom_1513999320465{margin-bottom: 0px !important;}\u00bb]<span style=\"color: #099999; font-size: x-large;\">Categor\u00edas: <\/span>[\/vc_column_text][vc_wp_custommenu nav_menu=\u00bb4&#8243;][\/vc_column][vc_column width=\u00bb3\/4&#8243;][vc_column_text css=\u00bb.vc_custom_1514575253724{margin-bottom: 0px !important;}\u00bb]\n<h1><span style=\"color: #ff8201;\">Pl\u00e1stico Waffle (Corrugado)<\/span><\/h1>\n[\/vc_column_text][vc_separator][vc_row_inner][vc_column_inner width=\u00bb1\/2&#8243;][mk_flipbox front_background_color=\u00bbrgba(35,153,153,0.8)\u00bb back_background_color=\u00bbrgba(35,153,153,0.8)\u00bb image=\u00bbhttps:\/\/plasticoscoral.com\/wp-content\/uploads\/2017\/12\/21_plasticos_coral_plastico_waffle_1.jpg\u00bb front_title=\u00bbPl\u00e1stico Waffle (Corrugado)\u00bb front_title_color=\u00bb#f9f9f9&#8243; back_title=\u00bbPl\u00e1stico Waffle (Corrugado)\u00bb back_title_color=\u00bb#f9f9f9&#8243; font_weight=\u00bb500&#8243; front_desc_size=\u00bb17&#8243; back_desc=\u00bb<b>Material: <\/b>Polietileno Estampado Corrugado.<\/p>\n<p><b>Tama\u00f1o: <\/b>1.4m de ancho.<\/p>\n<p><b>Modelos: <\/b>Estampados: Rosario, Jard\u00edn, Para\u00edso, Toledo, Sorrento, P\u00e1jaros, Corazones, Nube, Lluvia, Flor, Emperador, Encaje, Espejos, Infantil, Osos, Arco\u00edris, Isabel, Tazas, Diana, Margarita, Girasoles, Botones, Patricia, Ed\u00e9n, Katia, Violeta, Jazm\u00edn, Mo\u00f1os, Noche buena, Esther y Tr\u00e9bol.<\/p>\n<p><b>Colores: <\/b>Dependen del modelo.<\/p>\n<p>\u00bb back_desc_size=\u00bb15&#8243; back_desc_color=\u00bb#474747&#8243;][vc_separator color=\u00bbcustom\u00bb accent_color=\u00bbrgba(255,255,255,0.01)\u00bb][\/vc_column_inner][\/vc_row_inner][\/vc_column][\/vc_row]\n","protected":false},"excerpt":{"rendered":"<p>[vc_row][vc_column width=\u00bb1\/4&#8243;][vc_column_text css=\u00bb.vc_custom_1513999320465{margin-bottom: 0px !important;}\u00bb]Categor\u00edas: [\/vc_column_text][vc_wp_custommenu nav_menu=\u00bb4&#8243;][\/vc_column][vc_column width=\u00bb3\/4&#8243;][vc_column_text css=\u00bb.vc_custom_1514575253724{margin-bottom: 0px !important;}\u00bb] Pl\u00e1stico Waffle (Corrugado) [\/vc_column_text][vc_separator][vc_row_inner][vc_column_inner width=\u00bb1\/2&#8243;][mk_flipbox front_background_color=\u00bbrgba(35,153,153,0.8)\u00bb back_background_color=\u00bbrgba(35,153,153,0.8)\u00bb image=\u00bbhttps:\/\/plasticoscoral.com\/wp-content\/uploads\/2017\/12\/21_plasticos_coral_plastico_waffle_1.jpg\u00bb front_title=\u00bbPl\u00e1stico Waffle (Corrugado)\u00bb front_title_color=\u00bb#f9f9f9&#8243; back_title=\u00bbPl\u00e1stico Waffle (Corrugado)\u00bb back_title_color=\u00bb#f9f9f9&#8243; font_weight=\u00bb500&#8243; front_desc_size=\u00bb17&#8243; back_desc=\u00bbMaterial: Polietileno Estampado Corrugado. Tama\u00f1o: 1.4m de ancho. Modelos: Estampados: Rosario, Jard\u00edn, Para\u00edso, Toledo, Sorrento, P\u00e1jaros, Corazones, Nube, Lluvia, Flor, Emperador, Encaje, Espejos, Infantil, Osos, Arco\u00edris, [&hellip;]<\/p>\n","protected":false},"author":1,"featured_media":0,"parent":0,"menu_order":0,"comment_status":"closed","ping_status":"closed","template":"","meta":{"om_disable_all_campaigns":false,"_monsterinsights_skip_tracking":false,"_monsterinsights_sitenote_active":false,"_monsterinsights_sitenote_note":"","_monsterinsights_sitenote_category":0,"footnotes":""},"class_list":["post-230","page","type-page","status-publish","hentry"],"_links":{"self":[{"href":"https:\/\/plasticoscoral.com\/index.php\/wp-json\/wp\/v2\/pages\/230","targetHints":{"allow":["GET"]}}],"collection":[{"href":"https:\/\/plasticoscoral.com\/index.php\/wp-json\/wp\/v2\/pages"}],"about":[{"href":"https:\/\/plasticoscoral.com\/index.php\/wp-json\/wp\/v2\/types\/page"}],"author":[{"embeddable":true,"href":"https:\/\/plasticoscoral.com\/index.php\/wp-json\/wp\/v2\/users\/1"}],"replies":[{"embeddable":true,"href":"https:\/\/plasticoscoral.com\/index.php\/wp-json\/wp\/v2\/comments?post=230"}],"version-history":[{"count":5,"href":"https:\/\/plasticoscoral.com\/index.php\/wp-json\/wp\/v2\/pages\/230\/revisions"}],"predecessor-version":[{"id":532,"href":"https:\/\/plasticoscoral.com\/index.php\/wp-json\/wp\/v2\/pages\/230\/revisions\/532"}],"wp:attachment":[{"href":"https:\/\/plasticoscoral.com\/index.php\/wp-json\/wp\/v2\/media?parent=230"}],"curies":[{"name":"wp","href":"https:\/\/api.w.org\/{rel}","templated":true}]}}