{"id":214,"date":"2017-12-22T12:41:06","date_gmt":"2017-12-22T18:41:06","guid":{"rendered":"http:\/\/plasticoscoral.com\/?page_id=214"},"modified":"2017-12-27T11:45:19","modified_gmt":"2017-12-27T17:45:19","slug":"plastico-estampado","status":"publish","type":"page","link":"https:\/\/plasticoscoral.com\/index.php\/plastico-estampado\/","title":{"rendered":"Pl\u00e1stico Estampado"},"content":{"rendered":"[vc_row][vc_column width=\u00bb1\/4&#8243;][vc_column_text css=\u00bb.vc_custom_1513999320465{margin-bottom: 0px !important;}\u00bb]<span style=\"color: #099999; font-size: x-large;\">Categor\u00edas: <\/span>[\/vc_column_text][vc_wp_custommenu nav_menu=\u00bb4&#8243;][\/vc_column][vc_column width=\u00bb3\/4&#8243;][vc_column_text css=\u00bb.vc_custom_1514396361042{margin-bottom: 0px !important;}\u00bb]\n<h1><span style=\"color: #ff8201;\">Pl\u00e1stico Estampado<\/span><\/h1>\n[\/vc_column_text][vc_separator][vc_row_inner][vc_column_inner width=\u00bb1\/2&#8243;][mk_flipbox front_background_color=\u00bbrgba(35,153,153,0.8)\u00bb back_background_color=\u00bbrgba(35,153,153,0.8)\u00bb image=\u00bbhttps:\/\/plasticoscoral.com\/wp-content\/uploads\/2017\/12\/2_plasticos_coral_plasticos_estampado-bandera_1.jpg\u00bb front_title=\u00bbRollo de Bandera\u00bb front_title_color=\u00bb#f9f9f9&#8243; back_title=\u00bbRollo de Bandera\u00bb back_title_color=\u00bb#f9f9f9&#8243; font_weight=\u00bb500&#8243; front_desc_size=\u00bb17&#8243; back_desc=\u00bb<b>Material: <\/b>Polietileno.<\/p>\n<p><b>Tama\u00f1o: <\/b>80cm de ancho.<\/p>\n<p><b>Modelos: <\/b>scudo nacional, Personajes (Hidalgo, Morelos, Corregidora), Ni\u00f1os h\u00e9roes, Juan Diego y la Virgen.<\/p>\n<p><b>Colores: <\/b>Dependen del modelo.<\/p>\n<p>\u00bb back_desc_size=\u00bb15&#8243; back_desc_color=\u00bb#474747&#8243;][vc_separator color=\u00bbcustom\u00bb accent_color=\u00bbrgba(255,255,255,0.01)\u00bb][vc_separator color=\u00bbcustom\u00bb accent_color=\u00bbrgba(255,255,255,0.01)\u00bb][\/vc_column_inner][vc_column_inner width=\u00bb1\/2&#8243;][mk_flipbox front_background_color=\u00bbrgba(35,153,153,0.8)\u00bb back_background_color=\u00bbrgba(35,153,153,0.8)\u00bb image=\u00bbhttps:\/\/plasticoscoral.com\/wp-content\/uploads\/2017\/12\/3_plasticos_coral_plastico_estampado_banderita_1.jpg\u00bb front_title=\u00bbBanderita\u00bb front_title_color=\u00bb#f9f9f9&#8243; back_title=\u00bbBanderita\u00bb back_title_color=\u00bb#f9f9f9&#8243; font_weight=\u00bb500&#8243; front_desc_size=\u00bb17&#8243; back_desc=\u00bb<b>Material: <\/b>Polietileno.<\/p>\n<p><b>Tama\u00f1o: <\/b>20&#215;35 (cm).<\/p>\n<p><b>Modelos: <\/b>Bandera nacional mexicana.<\/p>\n<p><b>Colores: <\/b>Dependen del modelo.<\/p>\n<p>\u00bb back_desc_size=\u00bb15&#8243; back_desc_color=\u00bb#474747&#8243;][vc_separator color=\u00bbcustom\u00bb accent_color=\u00bbrgba(255,255,255,0.01)\u00bb][vc_separator color=\u00bbcustom\u00bb accent_color=\u00bbrgba(255,255,255,0.01)\u00bb][\/vc_column_inner][\/vc_row_inner][vc_row_inner][vc_column_inner width=\u00bb1\/2&#8243;][mk_flipbox front_background_color=\u00bbrgba(35,153,153,0.8)\u00bb back_background_color=\u00bbrgba(35,153,153,0.8)\u00bb image=\u00bbhttps:\/\/plasticoscoral.com\/wp-content\/uploads\/2017\/12\/4_plasticos_coral_plastico_estampado_estampado_1.jpg\u00bb front_title=\u00bbPl\u00e1stico Estampado\u00bb front_title_color=\u00bb#f9f9f9&#8243; back_title=\u00bbPl\u00e1stico Estampado\u00bb back_title_color=\u00bb#f9f9f9&#8243; font_weight=\u00bb500&#8243; front_desc_size=\u00bb17&#8243; back_desc=\u00bb<b>Material: <\/b>Polietileno Estampado Cal. 300 y 600.<\/p>\n<p><b>Tama\u00f1o: <\/b>1.40 (m) de ancho.<\/p>\n<p><b>Modelos: <\/b>Estampados: Uvas, Manzana, Margarita, Taza opaco, Taza transparente, Primavera, Frutas, Katia transparente, Primor, Jard\u00edn opaco, Jard\u00edn transparente, Encaje, Durazno, Patricia, Patricia transparente, Botones, Colosal, Mascota, Frutas mascota, Cubiertos, Girasoles, Topacio, Carpeta, Catal\u00e1n, Dinamarca y Violeta .<\/p>\n<p><b>Colores: <\/b>Dependen del modelo.<\/p>\n<p>\u00bb back_desc_size=\u00bb15&#8243; back_desc_color=\u00bb#474747&#8243;][vc_separator color=\u00bbcustom\u00bb accent_color=\u00bbrgba(255,255,255,0.01)\u00bb][\/vc_column_inner][\/vc_row_inner][\/vc_column][\/vc_row]\n","protected":false},"excerpt":{"rendered":"<p>[vc_row][vc_column width=\u00bb1\/4&#8243;][vc_column_text css=\u00bb.vc_custom_1513999320465{margin-bottom: 0px !important;}\u00bb]Categor\u00edas: [\/vc_column_text][vc_wp_custommenu nav_menu=\u00bb4&#8243;][\/vc_column][vc_column width=\u00bb3\/4&#8243;][vc_column_text css=\u00bb.vc_custom_1514396361042{margin-bottom: 0px !important;}\u00bb] Pl\u00e1stico Estampado [\/vc_column_text][vc_separator][vc_row_inner][vc_column_inner width=\u00bb1\/2&#8243;][mk_flipbox front_background_color=\u00bbrgba(35,153,153,0.8)\u00bb back_background_color=\u00bbrgba(35,153,153,0.8)\u00bb image=\u00bbhttps:\/\/plasticoscoral.com\/wp-content\/uploads\/2017\/12\/2_plasticos_coral_plasticos_estampado-bandera_1.jpg\u00bb front_title=\u00bbRollo de Bandera\u00bb front_title_color=\u00bb#f9f9f9&#8243; back_title=\u00bbRollo de Bandera\u00bb back_title_color=\u00bb#f9f9f9&#8243; font_weight=\u00bb500&#8243; front_desc_size=\u00bb17&#8243; back_desc=\u00bbMaterial: Polietileno. Tama\u00f1o: 80cm de ancho. Modelos: scudo nacional, Personajes (Hidalgo, Morelos, Corregidora), Ni\u00f1os h\u00e9roes, Juan Diego y la Virgen. Colores: Dependen del modelo. \u00bb back_desc_size=\u00bb15&#8243; back_desc_color=\u00bb#474747&#8243;][vc_separator [&hellip;]<\/p>\n","protected":false},"author":1,"featured_media":0,"parent":0,"menu_order":0,"comment_status":"closed","ping_status":"closed","template":"","meta":{"om_disable_all_campaigns":false,"_monsterinsights_skip_tracking":false,"_monsterinsights_sitenote_active":false,"_monsterinsights_sitenote_note":"","_monsterinsights_sitenote_category":0,"footnotes":""},"class_list":["post-214","page","type-page","status-publish","hentry"],"_links":{"self":[{"href":"https:\/\/plasticoscoral.com\/index.php\/wp-json\/wp\/v2\/pages\/214","targetHints":{"allow":["GET"]}}],"collection":[{"href":"https:\/\/plasticoscoral.com\/index.php\/wp-json\/wp\/v2\/pages"}],"about":[{"href":"https:\/\/plasticoscoral.com\/index.php\/wp-json\/wp\/v2\/types\/page"}],"author":[{"embeddable":true,"href":"https:\/\/plasticoscoral.com\/index.php\/wp-json\/wp\/v2\/users\/1"}],"replies":[{"embeddable":true,"href":"https:\/\/plasticoscoral.com\/index.php\/wp-json\/wp\/v2\/comments?post=214"}],"version-history":[{"count":5,"href":"https:\/\/plasticoscoral.com\/index.php\/wp-json\/wp\/v2\/pages\/214\/revisions"}],"predecessor-version":[{"id":521,"href":"https:\/\/plasticoscoral.com\/index.php\/wp-json\/wp\/v2\/pages\/214\/revisions\/521"}],"wp:attachment":[{"href":"https:\/\/plasticoscoral.com\/index.php\/wp-json\/wp\/v2\/media?parent=214"}],"curies":[{"name":"wp","href":"https:\/\/api.w.org\/{rel}","templated":true}]}}