{"id":20,"date":"2017-12-12T16:57:41","date_gmt":"2017-12-12T22:57:41","guid":{"rendered":"http:\/\/plasticoscoral.com\/?page_id=20"},"modified":"2020-06-10T19:31:20","modified_gmt":"2020-06-11T01:31:20","slug":"contacto","status":"publish","type":"page","link":"https:\/\/plasticoscoral.com\/index.php\/contacto\/","title":{"rendered":"Contacto"},"content":{"rendered":"[vc_row][vc_column][vc_column_text css=\u00bb.vc_custom_1513224085731{margin-bottom: 0px !important;}\u00bb]\n<h1><span style=\"color: #ff8201;\">Contacto<\/span><\/h1>\n[\/vc_column_text][vc_separator color=\u00bbwhite\u00bb][\/vc_column][\/vc_row][vc_row][vc_column width=\u00bb2\/3&#8243;][vc_gmaps link=\u00bb#E-8_JTNDaWZyYW1lJTIwc3JjJTNEJTIyaHR0cHMlM0ElMkYlMkZ3d3cuZ29vZ2xlLmNvbSUyRm1hcHMlMkZlbWJlZCUzRnBiJTNEJTIxMW0xOCUyMTFtMTIlMjExbTMlMjExZDM3NjIuNTYzMTc5MzAxNDQyNyUyMTJkLTk5LjEzMTc3OTE3NjIxMTUxJTIxM2QxOS40MzEyNzA4NTkyNjUxMjYlMjEybTMlMjExZjAlMjEyZjAlMjEzZjAlMjEzbTIlMjExaTEwMjQlMjEyaTc2OCUyMTRmMTMuMSUyMTNtMyUyMTFtMiUyMTFzMHg4NWQxZmVjYjZlYTUzYTBmJTI1M0EweDQ1ZDIyYzgwOGI0OGYxZDQlMjEyc1BsJTI1QzMlMjVBMXN0aWNvcyUyQkNvcmFsJTIxNWUwJTIxM20yJTIxMXNlcyUyMTJzbXglMjE0djE1MTMyMjE0OTUwMjklMjIlMjB3aWR0aCUzRCUyMjUwMCUyMiUyMGhlaWdodCUzRCUyMjM1MCUyMiUyMGZyYW1lYm9yZGVyJTNEJTIyMCUyMiUyMHN0eWxlJTNEJTIyYm9yZGVyJTNBMCUyMiUyMGFsbG93ZnVsbHNjcmVlbiUzRSUzQyUyRmlmcmFtZSUzRQ==\u00bb][\/vc_column][vc_column width=\u00bb1\/3&#8243;][mk_contact_info title=\u00bbCont\u00e1ctanos\u00bb phone=\u00bb(55) 5522-4916&#8243; address=\u00bbJes\u00fas Mar\u00eda No. 40, Col. Centro. Del. Cuauht\u00e9moc, CP 06060. M\u00e9xico, Distrito Federal.\u00bb][mk_contact_info phone=\u00bb(55) 5522-4320&#8243; email=\u00bbinfo@plasticoscoral.com\u00bb][vc_column_text css=\u00bb.vc_custom_1514578021948{margin-bottom: 0px !important;}\u00bb]Abierto de lunes a s\u00e1bado 9:00am &#8211; 7:00pm<br \/>\nAtenci\u00f3n telef\u00f3nica: 10:00am &#8211; 3:00pm[\/vc_column_text][\/vc_column][\/vc_row][vc_row][vc_column][\/vc_column][\/vc_row][vc_row][vc_column][vc_zigzag color=\u00bbcustom\u00bb el_border_width=\u00bb10&#8243; custom_color=\u00bb#099999&#8243;][vc_separator color=\u00bbwhite\u00bb][\/vc_column][\/vc_row][vc_row][vc_column width=\u00bb2\/3&#8243;][mk_contact_form title=\u00bbEscriba su duda o solicitud de cotizaci\u00f3n\u00bb style=\u00bbclassic\u00bb button_text=\u00bbEnviar\u00bb email=\u00bbinfo@plasticoscoral.com\u00bb][\/vc_column][vc_column width=\u00bb1\/3&#8243;][\/vc_column][\/vc_row]\n","protected":false},"excerpt":{"rendered":"<p>[vc_row][vc_column][vc_column_text css=\u00bb.vc_custom_1513224085731{margin-bottom: 0px !important;}\u00bb] Contacto [\/vc_column_text][vc_separator color=\u00bbwhite\u00bb][\/vc_column][\/vc_row][vc_row][vc_column width=\u00bb2\/3&#8243;][vc_gmaps link=\u00bb#E-8_JTNDaWZyYW1lJTIwc3JjJTNEJTIyaHR0cHMlM0ElMkYlMkZ3d3cuZ29vZ2xlLmNvbSUyRm1hcHMlMkZlbWJlZCUzRnBiJTNEJTIxMW0xOCUyMTFtMTIlMjExbTMlMjExZDM3NjIuNTYzMTc5MzAxNDQyNyUyMTJkLTk5LjEzMTc3OTE3NjIxMTUxJTIxM2QxOS40MzEyNzA4NTkyNjUxMjYlMjEybTMlMjExZjAlMjEyZjAlMjEzZjAlMjEzbTIlMjExaTEwMjQlMjEyaTc2OCUyMTRmMTMuMSUyMTNtMyUyMTFtMiUyMTFzMHg4NWQxZmVjYjZlYTUzYTBmJTI1M0EweDQ1ZDIyYzgwOGI0OGYxZDQlMjEyc1BsJTI1QzMlMjVBMXN0aWNvcyUyQkNvcmFsJTIxNWUwJTIxM20yJTIxMXNlcyUyMTJzbXglMjE0djE1MTMyMjE0OTUwMjklMjIlMjB3aWR0aCUzRCUyMjUwMCUyMiUyMGhlaWdodCUzRCUyMjM1MCUyMiUyMGZyYW1lYm9yZGVyJTNEJTIyMCUyMiUyMHN0eWxlJTNEJTIyYm9yZGVyJTNBMCUyMiUyMGFsbG93ZnVsbHNjcmVlbiUzRSUzQyUyRmlmcmFtZSUzRQ==\u00bb][\/vc_column][vc_column width=\u00bb1\/3&#8243;][mk_contact_info title=\u00bbCont\u00e1ctanos\u00bb phone=\u00bb(55) 5522-4916&#8243; address=\u00bbJes\u00fas Mar\u00eda No. 40, Col. Centro. Del. Cuauht\u00e9moc, CP 06060. M\u00e9xico, Distrito Federal.\u00bb][mk_contact_info phone=\u00bb(55) 5522-4320&#8243; email=\u00bbinfo@plasticoscoral.com\u00bb][vc_column_text css=\u00bb.vc_custom_1514578021948{margin-bottom: 0px !important;}\u00bb]Abierto de lunes a s\u00e1bado 9:00am &#8211; 7:00pm Atenci\u00f3n telef\u00f3nica: 10:00am &#8211; 3:00pm[\/vc_column_text][\/vc_column][\/vc_row][vc_row][vc_column][\/vc_column][\/vc_row][vc_row][vc_column][vc_zigzag color=\u00bbcustom\u00bb el_border_width=\u00bb10&#8243; custom_color=\u00bb#099999&#8243;][vc_separator color=\u00bbwhite\u00bb][\/vc_column][\/vc_row][vc_row][vc_column width=\u00bb2\/3&#8243;][mk_contact_form title=\u00bbEscriba su duda o solicitud de [&hellip;]<\/p>\n","protected":false},"author":1,"featured_media":15,"parent":0,"menu_order":0,"comment_status":"closed","ping_status":"closed","template":"","meta":{"om_disable_all_campaigns":false,"_monsterinsights_skip_tracking":false,"_monsterinsights_sitenote_active":false,"_monsterinsights_sitenote_note":"","_monsterinsights_sitenote_category":0,"footnotes":""},"class_list":["post-20","page","type-page","status-publish","has-post-thumbnail","hentry"],"_links":{"self":[{"href":"https:\/\/plasticoscoral.com\/index.php\/wp-json\/wp\/v2\/pages\/20","targetHints":{"allow":["GET"]}}],"collection":[{"href":"https:\/\/plasticoscoral.com\/index.php\/wp-json\/wp\/v2\/pages"}],"about":[{"href":"https:\/\/plasticoscoral.com\/index.php\/wp-json\/wp\/v2\/types\/page"}],"author":[{"embeddable":true,"href":"https:\/\/plasticoscoral.com\/index.php\/wp-json\/wp\/v2\/users\/1"}],"replies":[{"embeddable":true,"href":"https:\/\/plasticoscoral.com\/index.php\/wp-json\/wp\/v2\/comments?post=20"}],"version-history":[{"count":66,"href":"https:\/\/plasticoscoral.com\/index.php\/wp-json\/wp\/v2\/pages\/20\/revisions"}],"predecessor-version":[{"id":764,"href":"https:\/\/plasticoscoral.com\/index.php\/wp-json\/wp\/v2\/pages\/20\/revisions\/764"}],"wp:featuredmedia":[{"embeddable":true,"href":"https:\/\/plasticoscoral.com\/index.php\/wp-json\/wp\/v2\/media\/15"}],"wp:attachment":[{"href":"https:\/\/plasticoscoral.com\/index.php\/wp-json\/wp\/v2\/media?parent=20"}],"curies":[{"name":"wp","href":"https:\/\/api.w.org\/{rel}","templated":true}]}}