{"id":18,"date":"2017-12-12T16:57:41","date_gmt":"2017-12-12T22:57:41","guid":{"rendered":"http:\/\/plasticoscoral.com\/?page_id=18"},"modified":"2017-12-26T11:49:44","modified_gmt":"2017-12-26T17:49:44","slug":"inicio","status":"publish","type":"page","link":"https:\/\/plasticoscoral.com\/","title":{"rendered":"Inicio"},"content":{"rendered":"[vc_row][vc_column width=\u00bb1\/6&#8243;][\/vc_column][vc_column width=\u00bb2\/3&#8243;][mk_image_slideshow images=\u00bb163,162,161,160&#8243; image_width=\u00bb800&#8243; image_height=\u00bb450&#8243;][\/vc_column][vc_column width=\u00bb1\/6&#8243;][\/vc_column][\/vc_row][vc_row][vc_column width=\u00bb1\/6&#8243;][\/vc_column][vc_column width=\u00bb2\/3&#8243;][vc_cta h2=\u00bb\u00bb]\n<p align=\"justify\"><span style=\"font-size: large;\">Fundada en 1971, <b>Pl\u00e1sticos Coral<\/b> es una empresa dedicada a la fabricaci\u00f3n y distribuci\u00f3n nacional e internacional de art\u00edculos pl\u00e1sticos laminados para el hogar, la industria y el campo.<\/span><\/p>\n<p><center><span style=\"font-size: x-large; color: #099999;\"><b>\u00a1Nos especializamos en clientes de mayoreo regional y for\u00e1neo!<\/b><\/span><\/center>[\/vc_cta][\/vc_column][vc_column width=\u00bb1\/6&#8243;][\/vc_column][\/vc_row][vc_row][vc_column][vc_column_text css=\u00bb.vc_custom_1513965152637{margin-bottom: 0px !important;}\u00bb]\n<p><center><span style=\"font-size: xx-large;\">Nuestros principales productos se catalogan en:<\/span><\/center><\/p>\n<hr \/>\n[\/vc_column_text][\/vc_column][\/vc_row][vc_row][vc_column][mk_imagebox show_as=\u00bbcolumn\u00bb column=\u00bb4&#8243;][mk_imagebox_item item_image=\u00bbhttps:\/\/plasticoscoral.com\/wp-content\/uploads\/2017\/12\/97_plasticos_coral_mantel_tela_ahulada_3.jpg\u00bb background_color=\u00bbrgba(9,153,153,0.4)\u00bb title_text_size=\u00bb20&#8243; title_color=\u00bb#099999&#8243; btn_text=\u00bbTela Ahulada\u00bb btn_url=\u00bbhttps:\/\/plasticoscoral.com\/index.php\/tela-ahulada\/\u00bb btn_text_color=\u00bb#4f4f4f\u00bb btn_hover_background_color=\u00bbrgba(255,130,1,0.9)\u00bb][\/mk_imagebox_item][mk_imagebox_item item_image=\u00bbhttps:\/\/plasticoscoral.com\/wp-content\/uploads\/2017\/12\/65_plasticos_coral_cortina_de_bao_smits_1.jpg\u00bb background_color=\u00bbrgba(9,153,153,0.4)\u00bb title_text_size=\u00bb20&#8243; title_color=\u00bb#099999&#8243; btn_text=\u00bbCortinas de Ba\u00f1o\u00bb btn_url=\u00bbhttps:\/\/plasticoscoral.com\/index.php\/cortinas-de-bano\/\u00bb btn_text_color=\u00bb#4f4f4f\u00bb btn_hover_background_color=\u00bbrgba(255,130,1,0.9)\u00bb][\/mk_imagebox_item][mk_imagebox_item item_image=\u00bbhttps:\/\/plasticoscoral.com\/wp-content\/uploads\/2017\/12\/42_plasticos_coral_bolsa_de_mandado_japonesa_2.jpg\u00bb background_color=\u00bbrgba(9,153,153,0.4)\u00bb title_text_size=\u00bb20&#8243; title_color=\u00bb#099999&#8243; btn_text=\u00bbBolsas de Mandado\u00bb btn_url=\u00bbhttps:\/\/plasticoscoral.com\/index.php\/bolsas-de-mandado\/\u00bb btn_text_color=\u00bb#4f4f4f\u00bb btn_hover_background_color=\u00bbrgba(255,130,1,0.9)\u00bb][\/mk_imagebox_item][mk_imagebox_item item_image=\u00bbhttps:\/\/plasticoscoral.com\/wp-content\/uploads\/2017\/12\/cat_plasticos_coral_bolsas_plastico_4.jpg\u00bb background_color=\u00bbrgba(9,153,153,0.4)\u00bb title_text_size=\u00bb20&#8243; title_color=\u00bb#099999&#8243; btn_text=\u00bbBolsas de Pl\u00e1stico\u00bb btn_url=\u00bbhttps:\/\/plasticoscoral.com\/index.php\/bolsas-de-plastico\/\u00bb btn_text_color=\u00bb#4f4f4f\u00bb btn_hover_background_color=\u00bbrgba(255,130,1,0.9)\u00bb][\/mk_imagebox_item][\/mk_imagebox][mk_imagebox show_as=\u00bbcolumn\u00bb column=\u00bb4&#8243;][mk_imagebox_item item_image=\u00bbhttps:\/\/plasticoscoral.com\/wp-content\/uploads\/2017\/12\/n_c_plasticos_coral_polietileno_1.jpg\u00bb background_color=\u00bbrgba(9,153,153,0.4)\u00bb title_text_size=\u00bb20&#8243; title_color=\u00bb#099999&#8243; btn_text=\u00bbPolietileno\u00bb btn_url=\u00bbhttps:\/\/plasticoscoral.com\/index.php\/plastico-polietileno\/\u00bb btn_text_color=\u00bb#4f4f4f\u00bb btn_hover_background_color=\u00bbrgba(255,130,1,0.9)\u00bb][\/mk_imagebox_item][mk_imagebox_item item_image=\u00bbhttps:\/\/plasticoscoral.com\/wp-content\/uploads\/2017\/12\/n_75_plasticos_coral_impermeable_adulto_2.jpg\u00bb background_color=\u00bbrgba(9,153,153,0.4)\u00bb title_text_size=\u00bb20&#8243; title_color=\u00bb#099999&#8243; btn_text=\u00bbImpermeables y Mangas\u00bb btn_url=\u00bbhttps:\/\/plasticoscoral.com\/index.php\/impermeables-y-mangas\/\u00bb btn_text_color=\u00bb#4f4f4f\u00bb btn_hover_background_color=\u00bbrgba(255,130,1,0.9)\u00bb][\/mk_imagebox_item][mk_imagebox_item item_image=\u00bbhttps:\/\/plasticoscoral.com\/wp-content\/uploads\/2017\/12\/n_101_plasticos_coral_zapatera_tennis_1.jpg\u00bb background_color=\u00bbrgba(9,153,153,0.4)\u00bb title_text_size=\u00bb20&#8243; title_color=\u00bb#099999&#8243; btn_text=\u00bbZapateras\u00bb btn_url=\u00bbhttps:\/\/plasticoscoral.com\/index.php\/zapateras\/\u00bb btn_text_color=\u00bb#4f4f4f\u00bb btn_hover_background_color=\u00bbrgba(255,130,1,0.9)\u00bb][\/mk_imagebox_item][mk_imagebox_item item_image=\u00bbhttps:\/\/plasticoscoral.com\/wp-content\/uploads\/2017\/12\/1_plasticos_coral_afelpado_afelpado_1.jpg\u00bb background_color=\u00bbrgba(9,153,153,0.4)\u00bb title_text_size=\u00bb20&#8243; title_color=\u00bb#099999&#8243; btn_text=\u00bbAfelpado\u00bb btn_url=\u00bbhttps:\/\/plasticoscoral.com\/index.php\/plastico-afelpado\/\u00bb btn_text_color=\u00bb#4f4f4f\u00bb btn_hover_background_color=\u00bbrgba(255,130,1,0.9)\u00bb][\/mk_imagebox_item][\/mk_imagebox][mk_imagebox show_as=\u00bbcolumn\u00bb column=\u00bb4&#8243;][mk_imagebox_item item_image=\u00bbhttps:\/\/plasticoscoral.com\/wp-content\/uploads\/2017\/12\/5_plasticos_coral_plastico_cristal_cristal_en_rollo_1.jpg\u00bb background_color=\u00bbrgba(9,153,153,0.4)\u00bb title_text_size=\u00bb20&#8243; title_color=\u00bb#099999&#8243; btn_text=\u00bbPl\u00e1stico Cristal\u00bb btn_url=\u00bbhttps:\/\/plasticoscoral.com\/index.php\/plastico-cristal\/\u00bb btn_text_color=\u00bb#4f4f4f\u00bb btn_hover_background_color=\u00bbrgba(255,130,1,0.9)\u00bb][\/mk_imagebox_item][mk_imagebox_item item_image=\u00bbhttps:\/\/plasticoscoral.com\/wp-content\/uploads\/2017\/12\/45_plasticos_coral_mantel_ahulado_5.jpg\u00bb background_color=\u00bbrgba(9,153,153,0.4)\u00bb title_text_size=\u00bb20&#8243; title_color=\u00bb#099999&#8243; btn_text=\u00bbManteles\u00bb btn_url=\u00bbhttps:\/\/plasticoscoral.com\/index.php\/manteles\/\u00bb btn_text_color=\u00bb#4f4f4f\u00bb btn_hover_background_color=\u00bbrgba(255,130,1,0.9)\u00bb][\/mk_imagebox_item][mk_imagebox_item item_image=\u00bbhttps:\/\/plasticoscoral.com\/wp-content\/uploads\/2017\/12\/53_plasticos_coral_pelicula_adhesiva_contact_3.jpg\u00bb background_color=\u00bbrgba(9,153,153,0.4)\u00bb title_text_size=\u00bb20&#8243; title_color=\u00bb#099999&#8243; btn_text=\u00bbPel\u00edculas Adhesivas\u00bb btn_url=\u00bbhttps:\/\/plasticoscoral.com\/index.php\/peliculas-adhesivas\/\u00bb btn_text_color=\u00bb#4f4f4f\u00bb btn_hover_background_color=\u00bbrgba(255,130,1,0.9)\u00bb][\/mk_imagebox_item][mk_imagebox_item item_image=\u00bbhttps:\/\/plasticoscoral.com\/wp-content\/uploads\/2017\/12\/n_19_plasticos_coral_plastico_vinil_1.jpg\u00bb background_color=\u00bbrgba(9,153,153,0.4)\u00bb title_text_size=\u00bb20&#8243; title_color=\u00bb#099999&#8243; btn_text=\u00bbPl\u00e1stico Vinil\u00bb btn_url=\u00bbhttps:\/\/plasticoscoral.com\/index.php\/plastico-vinil\/\u00bb btn_text_color=\u00bb#4f4f4f\u00bb btn_hover_background_color=\u00bbrgba(255,130,1,0.9)\u00bb][\/mk_imagebox_item][\/mk_imagebox][mk_imagebox show_as=\u00bbcolumn\u00bb column=\u00bb4&#8243;][mk_imagebox_item item_image=\u00bbhttps:\/\/plasticoscoral.com\/wp-content\/uploads\/2017\/12\/21_plasticos_coral_plastico_waffle_1.jpg\u00bb background_color=\u00bbrgba(9,153,153,0.4)\u00bb title_text_size=\u00bb20&#8243; title_color=\u00bb#099999&#8243; btn_text=\u00bbWaffle (Corrugado)\u00bb btn_url=\u00bbhttps:\/\/plasticoscoral.com\/index.php\/plastico-waffle\/\u00bb btn_text_color=\u00bb#4f4f4f\u00bb btn_hover_background_color=\u00bbrgba(255,130,1,0.9)\u00bb][\/mk_imagebox_item][mk_imagebox_item item_image=\u00bbhttps:\/\/plasticoscoral.com\/wp-content\/uploads\/2017\/12\/n_72_plasticos_coral_funda_de_lavadora_1.jpg\u00bb background_color=\u00bbrgba(9,153,153,0.4)\u00bb title_text_size=\u00bb20&#8243; title_color=\u00bb#099999&#8243; btn_text=\u00bbFundas\u00bb btn_url=\u00bbhttps:\/\/plasticoscoral.com\/index.php\/fundas\/\u00bb btn_text_color=\u00bb#4f4f4f\u00bb btn_hover_background_color=\u00bbrgba(255,130,1,0.9)\u00bb][\/mk_imagebox_item][mk_imagebox_item item_image=\u00bbhttps:\/\/plasticoscoral.com\/wp-content\/uploads\/2017\/12\/89_plasticos_coral_tapete_bienvenido2_1.jpg\u00bb background_color=\u00bbrgba(9,153,153,0.4)\u00bb title_text_size=\u00bb20&#8243; title_color=\u00bb#099999&#8243; btn_text=\u00bbTapetes y Pasillos\u00bb btn_url=\u00bbhttps:\/\/plasticoscoral.com\/index.php\/tapetes-y-pasillos\/\u00bb btn_text_color=\u00bb#4f4f4f\u00bb btn_hover_background_color=\u00bbrgba(255,130,1,0.9)\u00bb][\/mk_imagebox_item][mk_imagebox_item item_image=\u00bbhttps:\/\/plasticoscoral.com\/wp-content\/uploads\/2017\/12\/n_16_plasticos_coral_plastico_satinado_2.jpg\u00bb background_color=\u00bbrgba(9,153,153,0.4)\u00bb title_text_size=\u00bb20&#8243; title_color=\u00bb#099999&#8243; btn_text=\u00bbPl\u00e1stico Satinado\u00bb btn_url=\u00bbhttps:\/\/plasticoscoral.com\/index.php\/plastico-satinado\/\u00bb btn_text_color=\u00bb#4f4f4f\u00bb btn_hover_background_color=\u00bbrgba(255,130,1,0.9)\u00bb][\/mk_imagebox_item][\/mk_imagebox][mk_imagebox show_as=\u00bbcolumn\u00bb column=\u00bb4&#8243;][mk_imagebox_item item_image=\u00bbhttps:\/\/plasticoscoral.com\/wp-content\/uploads\/2017\/12\/4_plasticos_coral_plastico_estampado_estampado_1.jpg\u00bb background_color=\u00bbrgba(9,153,153,0.4)\u00bb title_text_size=\u00bb20&#8243; title_color=\u00bb#099999&#8243; btn_text=\u00bbPl\u00e1stico Estampado\u00bb btn_url=\u00bbhttps:\/\/plasticoscoral.com\/index.php\/plastico-estampado\/\u00bb btn_text_color=\u00bb#4f4f4f\u00bb btn_hover_background_color=\u00bbrgba(255,130,1,0.9)\u00bb][\/mk_imagebox_item][mk_imagebox_item item_image=\u00bbhttps:\/\/plasticoscoral.com\/wp-content\/uploads\/2017\/12\/n_25_plasticos_coral_mandil_capitonado_3.jpg\u00bb background_color=\u00bbrgba(9,153,153,0.4)\u00bb title_text_size=\u00bb20&#8243; title_color=\u00bb#099999&#8243; btn_text=\u00bbMandiles y Batas\u00bb btn_url=\u00bbhttps:\/\/plasticoscoral.com\/index.php\/mandiles-y-batas\/\u00bb btn_text_color=\u00bb#4f4f4f\u00bb btn_hover_background_color=\u00bbrgba(255,130,1,0.9)\u00bb][\/mk_imagebox_item][mk_imagebox_item item_image=\u00bbhttps:\/\/plasticoscoral.com\/wp-content\/uploads\/2017\/12\/n_102_plasticos_coral_lona_metro_2.jpg\u00bb background_color=\u00bbrgba(9,153,153,0.4)\u00bb title_text_size=\u00bb20&#8243; title_color=\u00bb#099999&#8243; btn_text=\u00bbLonas\u00bb btn_url=\u00bbhttps:\/\/plasticoscoral.com\/index.php\/lonas\/\u00bb btn_text_color=\u00bb#4f4f4f\u00bb btn_hover_background_color=\u00bbrgba(255,130,1,0.9)\u00bb][\/mk_imagebox_item][mk_imagebox_item item_image=\u00bbhttps:\/\/plasticoscoral.com\/wp-content\/uploads\/2017\/12\/n_c_plasticos_coral_pvc_1.jpg\u00bb background_color=\u00bbrgba(9,153,153,0.4)\u00bb title_text_size=\u00bb20&#8243; title_color=\u00bb#099999&#8243; btn_text=\u00bbPl\u00e1stico PVC\u00bb btn_url=\u00bbhttps:\/\/plasticoscoral.com\/index.php\/plastico-pvc\/\u00bb btn_text_color=\u00bb#4f4f4f\u00bb btn_hover_background_color=\u00bbrgba(255,130,1,0.9)\u00bb][\/mk_imagebox_item][\/mk_imagebox][\/vc_column][\/vc_row]\n","protected":false},"excerpt":{"rendered":"<p>[vc_row][vc_column width=\u00bb1\/6&#8243;][\/vc_column][vc_column width=\u00bb2\/3&#8243;][mk_image_slideshow images=\u00bb163,162,161,160&#8243; image_width=\u00bb800&#8243; image_height=\u00bb450&#8243;][\/vc_column][vc_column width=\u00bb1\/6&#8243;][\/vc_column][\/vc_row][vc_row][vc_column width=\u00bb1\/6&#8243;][\/vc_column][vc_column width=\u00bb2\/3&#8243;][vc_cta h2=\u00bb\u00bb] Fundada en 1971, Pl\u00e1sticos Coral es una empresa dedicada a la fabricaci\u00f3n y distribuci\u00f3n nacional e internacional de art\u00edculos pl\u00e1sticos laminados para el hogar, la industria y el campo. \u00a1Nos especializamos en clientes de mayoreo regional y for\u00e1neo![\/vc_cta][\/vc_column][vc_column width=\u00bb1\/6&#8243;][\/vc_column][\/vc_row][vc_row][vc_column][vc_column_text css=\u00bb.vc_custom_1513965152637{margin-bottom: 0px !important;}\u00bb] Nuestros principales productos [&hellip;]<\/p>\n","protected":false},"author":1,"featured_media":0,"parent":0,"menu_order":0,"comment_status":"closed","ping_status":"closed","template":"","meta":{"om_disable_all_campaigns":false,"_monsterinsights_skip_tracking":false,"_monsterinsights_sitenote_active":false,"_monsterinsights_sitenote_note":"","_monsterinsights_sitenote_category":0,"footnotes":""},"class_list":["post-18","page","type-page","status-publish","hentry"],"_links":{"self":[{"href":"https:\/\/plasticoscoral.com\/index.php\/wp-json\/wp\/v2\/pages\/18","targetHints":{"allow":["GET"]}}],"collection":[{"href":"https:\/\/plasticoscoral.com\/index.php\/wp-json\/wp\/v2\/pages"}],"about":[{"href":"https:\/\/plasticoscoral.com\/index.php\/wp-json\/wp\/v2\/types\/page"}],"author":[{"embeddable":true,"href":"https:\/\/plasticoscoral.com\/index.php\/wp-json\/wp\/v2\/users\/1"}],"replies":[{"embeddable":true,"href":"https:\/\/plasticoscoral.com\/index.php\/wp-json\/wp\/v2\/comments?post=18"}],"version-history":[{"count":38,"href":"https:\/\/plasticoscoral.com\/index.php\/wp-json\/wp\/v2\/pages\/18\/revisions"}],"predecessor-version":[{"id":492,"href":"https:\/\/plasticoscoral.com\/index.php\/wp-json\/wp\/v2\/pages\/18\/revisions\/492"}],"wp:attachment":[{"href":"https:\/\/plasticoscoral.com\/index.php\/wp-json\/wp\/v2\/media?parent=18"}],"curies":[{"name":"wp","href":"https:\/\/api.w.org\/{rel}","templated":true}]}}